{"id":176,"date":"2024-06-01T18:09:55","date_gmt":"2024-06-01T18:09:55","guid":{"rendered":"https:\/\/dev.liangware.cu\/porcien\/?page_id=176"},"modified":"2025-01-31T10:57:32","modified_gmt":"2025-01-31T15:57:32","slug":"acerca-de-la-empresa","status":"publish","type":"page","link":"https:\/\/www.elkilo.shop\/en\/acerca-de-la-empresa\/","title":{"rendered":"Acerca de la empresa"},"content":{"rendered":"\r\n<p><strong>Elkilo.shop<\/strong>\u00a0est\u00e1 gestionada por\u00a0<strong>AMBA AGRO S.L.<\/strong>, compa\u00f1\u00eda de origen espa\u00f1ol, con m\u00e1s de 5 a\u00f1os de experiencia en la gesti\u00f3n de productos de alimentaci\u00f3n, con el operador log\u00edstico Porcien S.A. Nuestra prioridad es ofrecerle una experiencia de compra segura, \u00fatil y eficiente. Todos los datos personales se manejan con la m\u00e1xima confidencialidad y se utilizan solo para procesar su pedido.<\/p>\r\n\r\n\r\n\r\n<p><strong>Aviso legal<\/strong><\/p>\r\n\r\n\r\n\r\n<p>DATOS IDENTIFICATIVOS<\/p>\r\n\r\n\r\n\r\n<p>Los datos identificativos del responsable de la web https:\/\/elkilo.shop son los siguientes:<\/p>\r\n\r\n\r\n\r\n<p>Nombre de la sociedad:\u00a0 AMBA AGRO S.L.<\/p>\r\n\r\n\r\n\r\n<p>Direcci\u00f3n: Calle Ferraz n\u00famero 19, 28008, Madrid, Espa\u00f1a<\/p>\r\n\r\n\r\n\r\n<p>NIF: B88462015<\/p>\r\n\r\n\r\n\r\n<p>Datos registro mercantil: tomo: 39583, folio: 130, hoja: M-702609, Secci\u00f3n General de sociedades.<\/p>\r\n\r\n\r\n\r\n<p>AMBA AGRO S.L. pone a disposici\u00f3n de los usuarios o clientes los siguientes m\u00e9todos de contacto:<\/p>\r\n\r\n\r\n\r\n<p>info@elkilo.shop<\/p>\r\n\r\n\r\n","protected":false},"excerpt":{"rendered":"<p>Elkilo.shop\u00a0est\u00e1 gestionada por\u00a0AMBA AGRO S.L., compa\u00f1\u00eda de origen espa\u00f1ol, con m\u00e1s de 5 a\u00f1os de experiencia en la gesti\u00f3n de productos de alimentaci\u00f3n, con el operador log\u00edstico Porcien S.A. Nuestra prioridad es ofrecerle una experiencia de compra segura, \u00fatil y eficiente. Todos los datos personales se manejan con la m\u00e1xima confidencialidad y se utilizan solo [&hellip;]<\/p>\n","protected":false},"author":1,"featured_media":0,"parent":0,"menu_order":0,"comment_status":"closed","ping_status":"closed","template":"","meta":{"footnotes":""},"class_list":["post-176","page","type-page","status-publish","hentry"],"jetpack_sharing_enabled":true,"_links":{"self":[{"href":"https:\/\/www.elkilo.shop\/en\/wp-json\/wp\/v2\/pages\/176","targetHints":{"allow":["GET"]}}],"collection":[{"href":"https:\/\/www.elkilo.shop\/en\/wp-json\/wp\/v2\/pages"}],"about":[{"href":"https:\/\/www.elkilo.shop\/en\/wp-json\/wp\/v2\/types\/page"}],"author":[{"embeddable":true,"href":"https:\/\/www.elkilo.shop\/en\/wp-json\/wp\/v2\/users\/1"}],"replies":[{"embeddable":true,"href":"https:\/\/www.elkilo.shop\/en\/wp-json\/wp\/v2\/comments?post=176"}],"version-history":[{"count":7,"href":"https:\/\/www.elkilo.shop\/en\/wp-json\/wp\/v2\/pages\/176\/revisions"}],"predecessor-version":[{"id":505,"href":"https:\/\/www.elkilo.shop\/en\/wp-json\/wp\/v2\/pages\/176\/revisions\/505"}],"wp:attachment":[{"href":"https:\/\/www.elkilo.shop\/en\/wp-json\/wp\/v2\/media?parent=176"}],"curies":[{"name":"wp","href":"https:\/\/api.w.org\/{rel}","templated":true}]}}