{"id":180,"date":"2024-06-01T18:13:23","date_gmt":"2024-06-01T18:13:23","guid":{"rendered":"https:\/\/dev.liangware.cu\/porcien\/?page_id=180"},"modified":"2024-08-26T19:49:14","modified_gmt":"2024-08-26T19:49:14","slug":"clientes-y-uso-del-portal","status":"publish","type":"page","link":"https:\/\/www.elkilo.shop\/en\/clientes-y-uso-del-portal\/","title":{"rendered":"Clientes y uso del portal"},"content":{"rendered":"\n<p>El acceso y\/o uso de la plataforma de Elkilo.shop atribuye la condici\u00f3n de Cliente, que acepta y queda vinculado, desde dicho acceso y\/o uso, a las Condiciones Generales de Uso aqu\u00ed reflejadas, as\u00ed como por nuestra Pol\u00edtica de Privacidad.<\/p>\n\n\n\n<p>Al acceder a Elkilo.shop el Cliente acepta las siguientes condiciones:<\/p>\n\n\n\n<p>Informaci\u00f3n general: Elkilo.shop es una plataforma o tienda online que ofrece la venta de productos perecederos y no perecederos a sus usuarios registrados o clientes. Al utilizar este sitio web, el Cliente acepta cumplir con todas las leyes y regulaciones aplicables tanto nacionales como internacionales, as\u00ed como con el principio legal de buena fe en las relaciones comerciales. El Cliente asume la responsabilidad de uso de la plataforma de Elkilo.shop. Dicha responsabilidad se extiende a los posibles registros que fuera necesario realizar para acceder a determinados servicios o productos. En dicho registro, el Cliente se compromete a aportar, en todo caso informaci\u00f3n veraz y l\u00edcita. Como consecuencia de este registro, Elkilo.shop podr\u00e1 poner a disposici\u00f3n del Cliente una contrase\u00f1a de la que este ser\u00e1 responsable, siendo su uso confidencial. El Cliente se compromete a hacer un uso adecuado de los productos y servicios que Elkilo.shop ofrece a trav\u00e9s de su plataforma o tienda online, sin incurrir en actividades il\u00edcitas o contrarias al orden p\u00fablico.<\/p>\n\n\n\n<p>Propiedad intelectual: Todos los signos distintivos, marcas, logotipos, contenidos, estructuras, dise\u00f1o y forma de exposici\u00f3n de la informaci\u00f3n que aparezca en la plataforma de Elkilo.shop son de su titularidad y se encuentran protegidos por los derechos de propiedad industrial e intelectual. El Cliente, mediante el mero acceso a la plataforma, acepta que la reproducci\u00f3n, transformaci\u00f3n, distribuci\u00f3n, comunicaci\u00f3n p\u00fablica o cualquier m\u00e9todo de explotaci\u00f3n de derechos de propiedad intelectual respecto de los signos distintivos, marcas logotipos, contenidos, estructuras, dise\u00f1o y forma de exposici\u00f3n de la informaci\u00f3n que aparezca en la plataforma de Elkilo.shop; se encuentran expresamente prohibidas, salvo que Elkilo.shop autorice por escrito a lo contrario en cada caso.<\/p>\n\n\n\n<p>Uso del sitio web: Elkilo.shop solo permite utilizar su plataforma para fines personales y no comerciales. Queda expresamente prohibido modificar, copiar, distribuir, transmitir, mostrar, realizar, reproducir, publicar, licenciar, crear trabajos derivados, transferir o vender cualquier informaci\u00f3n, producto o servicio obtenido a trav\u00e9s de nuestro sitio web sin el consentimiento previo y por escrito de Elkilo.shop.<\/p>\n\n\n\n<p>Registro de usuarios: Para realizar compras en Elkilo.shop, es necesario registrarse y proporcionar una determinada informaci\u00f3n personal con el objetivo de identificar al Cliente para que pueda acceder al servicio de venta proporcionado por Elkilo.shop. Garantizamos que toda la informaci\u00f3n proporcionada ser\u00e1 tratada de acuerdo con nuestra Pol\u00edtica de Privacidad. Nos comprometemos a proteger la privacidad de los usuarios o clientes de Elkilo.shop y a utilizar sus datos \u00fanicamente para los fines espec\u00edficos para los que se obtenga el permiso del Cliente.<\/p>\n\n\n\n<p>Seguridad de la informaci\u00f3n: Elkilo.shop toma medidas de seguridad para proteger la informaci\u00f3n personal de sus usuarios. Sin embargo, Elkilo.shop no puede garantizar la seguridad absoluta de los datos transmitidos online. El Cliente asume la responsabilidad de mantener la confidencialidad de la informaci\u00f3n de inicio de sesi\u00f3n y de cualquier actividad realizada con la cuenta de usuario en Elkilo.shop.<\/p>\n\n\n\n<p>Responsabilidad: Elkilo.shop no es responsable de los da\u00f1os directos, indirectos, incidentales, consecuentes o punitivos que puedan surgir del uso de nuestro sitio web, incluyendo, entre otros, los da\u00f1os causados por malware, interrupciones en el servicio de telecomunicaciones, en el servicio el\u00e9ctrico, errores originados por terceros o en cualquiera de los dispositivos que se utilicen para acceder a la red, p\u00e9rdida de datos o cualquier otro tipo de p\u00e9rdida que pudiera derivarse con el uso de la plataforma o tienda online.<\/p>\n\n\n\n<p>Enlaces a sitios web de terceros: Nuestro sitio web puede contener enlaces o hiperv\u00ednculos a otros sitios web de terceros en Internet que Elkilo.shop considera de inter\u00e9s. No obstante, Elkilo.shop no tiene el control sobre sobre el contenido o las pr\u00e1cticas de privacidad de los sitios a los que deriven los enlaces de inter\u00e9s, por lo que Elkilo.shop no asume ninguna responsabilidad por los contenidos de alg\u00fan enlace perteneciente a un sitio web ajeno, ni garantizar\u00e1 la disponibilidad t\u00e9cnica, calidad, fiabilidad, exactitud, amplitud, veracidad, validez y constitucionalidad de cualquier material o informaci\u00f3n contenida en ninguno de dichos hiperv\u00ednculos u otros sitios de Internet. Igualmente, la inclusi\u00f3n de estas conexiones externas no implicar\u00e1 ning\u00fan tipo de asociaci\u00f3n, fusi\u00f3n o participaci\u00f3n con las entidades conectadas.<\/p>\n\n\n\n<p>Del mismo modo, Elkilo.shop tiene derecho a retirar o denegar el acceso a la plataforma y\/o los servicios ofrecidos. Esta retirada o denegaci\u00f3n podr\u00e1 realizarse sin aviso previo a instancia propia o de un tercero, a aquellos usuarios que incumplan las Condiciones Generales de Uso.<\/p>\n\n\n\n<p>Elkilo.shop velar\u00e1 por el incumplimiento de sus condiciones generales, as\u00ed como cualquier utilizaci\u00f3n no autorizada de su plataforma, pudiendo ejercer las acciones civiles y penales que estime oportunas y que por derecho le correspondan.<\/p>\n\n\n\n<p>Elkilo.shop se reserva el derecho de modificar este aviso legal en cualquier momento sin necesidad de realizar aviso previo, siendo debidamente publicadas en su plataforma. Es recomendable revisar peri\u00f3dicamente el aviso legal y la pol\u00edtica de privacidad de la web Elkilo.shop para poner conocer cualquier cambio que pueda producirse. El uso continuado del sitio web y de la plataforma Elkilo.shop despu\u00e9s de que se haya publicado cualquier tipo de cambio supondr\u00e1 la aceptaci\u00f3n del mismo.<\/p>\n\n\n\n<p>Cualquier disputa o conflicto legal que pueda surgir con Elkilo.shop se regir\u00e1 por la normativa espa\u00f1ola vigente y se someter\u00e1 a los Juzgados y Tribunales de la ciudad de Madrid, en Espa\u00f1a.<\/p>\n","protected":false},"excerpt":{"rendered":"<p>El acceso y\/o uso de la plataforma de Elkilo.shop atribuye la condici\u00f3n de Cliente, que acepta y queda vinculado, desde dicho acceso y\/o uso, a las Condiciones Generales de Uso aqu\u00ed reflejadas, as\u00ed como por nuestra Pol\u00edtica de Privacidad. Al acceder a Elkilo.shop el Cliente acepta las siguientes condiciones: Informaci\u00f3n general: Elkilo.shop es una plataforma [&hellip;]<\/p>\n","protected":false},"author":1,"featured_media":0,"parent":0,"menu_order":0,"comment_status":"closed","ping_status":"closed","template":"","meta":{"footnotes":""},"class_list":["post-180","page","type-page","status-publish","hentry"],"jetpack_sharing_enabled":true,"_links":{"self":[{"href":"https:\/\/www.elkilo.shop\/en\/wp-json\/wp\/v2\/pages\/180","targetHints":{"allow":["GET"]}}],"collection":[{"href":"https:\/\/www.elkilo.shop\/en\/wp-json\/wp\/v2\/pages"}],"about":[{"href":"https:\/\/www.elkilo.shop\/en\/wp-json\/wp\/v2\/types\/page"}],"author":[{"embeddable":true,"href":"https:\/\/www.elkilo.shop\/en\/wp-json\/wp\/v2\/users\/1"}],"replies":[{"embeddable":true,"href":"https:\/\/www.elkilo.shop\/en\/wp-json\/wp\/v2\/comments?post=180"}],"version-history":[{"count":4,"href":"https:\/\/www.elkilo.shop\/en\/wp-json\/wp\/v2\/pages\/180\/revisions"}],"predecessor-version":[{"id":218,"href":"https:\/\/www.elkilo.shop\/en\/wp-json\/wp\/v2\/pages\/180\/revisions\/218"}],"wp:attachment":[{"href":"https:\/\/www.elkilo.shop\/en\/wp-json\/wp\/v2\/media?parent=180"}],"curies":[{"name":"wp","href":"https:\/\/api.w.org\/{rel}","templated":true}]}}