{"id":206,"date":"2024-08-08T01:13:28","date_gmt":"2024-08-08T01:13:28","guid":{"rendered":"https:\/\/dev.liangware.cu\/porcien\/?post_type=product&#038;p=206"},"modified":"2025-07-26T11:51:37","modified_gmt":"2025-07-26T16:51:37","slug":"filete-de-res-bufalo-3-kg","status":"publish","type":"product","link":"https:\/\/www.elkilo.shop\/en\/producto\/filete-de-res-bufalo-3-kg\/","title":{"rendered":"Filete de res (b\u00fafalo) &#8211; 3 kg"},"content":{"rendered":"<p>Carne de b\u00fafalo nacional. Corte especial empacado al vac\u00edo.<\/p>\n","protected":false},"excerpt":{"rendered":"<p>Carne de b\u00fafalo nacional. Corte especial empacado al vac\u00edo.<\/p>\n","protected":false},"featured_media":575,"template":"","meta":[],"product_brand":[],"product_cat":[26,27],"product_tag":[34,24],"class_list":{"0":"post-206","1":"product","2":"type-product","3":"status-publish","4":"has-post-thumbnail","6":"product_cat-carnicos","7":"product_cat-bufalo","8":"product_tag-bufalo","9":"product_tag-carne","10":"product_shipping_class-pequeno","12":"first","13":"instock","14":"featured","15":"shipping-taxable","16":"purchasable","17":"product-type-simple"},"jetpack_sharing_enabled":true,"_links":{"self":[{"href":"https:\/\/www.elkilo.shop\/en\/wp-json\/wp\/v2\/product\/206","targetHints":{"allow":["GET"]}}],"collection":[{"href":"https:\/\/www.elkilo.shop\/en\/wp-json\/wp\/v2\/product"}],"about":[{"href":"https:\/\/www.elkilo.shop\/en\/wp-json\/wp\/v2\/types\/product"}],"wp:featuredmedia":[{"embeddable":true,"href":"https:\/\/www.elkilo.shop\/en\/wp-json\/wp\/v2\/media\/575"}],"wp:attachment":[{"href":"https:\/\/www.elkilo.shop\/en\/wp-json\/wp\/v2\/media?parent=206"}],"wp:term":[{"taxonomy":"product_brand","embeddable":true,"href":"https:\/\/www.elkilo.shop\/en\/wp-json\/wp\/v2\/product_brand?post=206"},{"taxonomy":"product_cat","embeddable":true,"href":"https:\/\/www.elkilo.shop\/en\/wp-json\/wp\/v2\/product_cat?post=206"},{"taxonomy":"product_tag","embeddable":true,"href":"https:\/\/www.elkilo.shop\/en\/wp-json\/wp\/v2\/product_tag?post=206"}],"curies":[{"name":"wp","href":"https:\/\/api.w.org\/{rel}","templated":true}]}}