{"id":405,"date":"2025-01-11T13:01:01","date_gmt":"2025-01-11T18:01:01","guid":{"rendered":"https:\/\/www.elkilo.shop\/?post_type=product&#038;p=405"},"modified":"2026-01-29T18:28:13","modified_gmt":"2026-01-29T23:28:13","slug":"huevos-cubanos-8-x-30u-2","status":"publish","type":"product","link":"https:\/\/www.elkilo.shop\/en\/producto\/huevos-cubanos-8-x-30u-2\/","title":{"rendered":"Huevos cubanos (30U)"},"content":{"rendered":"<p>Cart\u00f3n de 30 huevos frescos de producci\u00f3n nacional. El cart\u00f3n tiene un valor de \u20ac5.50.<\/p>\n<p>Compra m\u00ednima de un cart\u00f3n.<\/p>\n<p>El env\u00edo tendr\u00e1 un valor de \u20ac5.00.<\/p>\n","protected":false},"excerpt":{"rendered":"<p>OFERTA ESPECIAL \u2013 \u20ac5.50\/cart\u00f3n<\/p>\n","protected":false},"featured_media":599,"template":"","meta":[],"product_brand":[],"product_cat":[28],"product_tag":[44,35],"class_list":{"0":"post-405","1":"product","2":"type-product","3":"status-publish","4":"has-post-thumbnail","6":"product_cat-huevos-y-lacteos","7":"product_tag-carton","8":"product_tag-huevos","9":"product_shipping_class-pequeno","11":"first","12":"outofstock","13":"featured","14":"shipping-taxable","15":"purchasable","16":"product-type-simple"},"jetpack_sharing_enabled":true,"_links":{"self":[{"href":"https:\/\/www.elkilo.shop\/en\/wp-json\/wp\/v2\/product\/405","targetHints":{"allow":["GET"]}}],"collection":[{"href":"https:\/\/www.elkilo.shop\/en\/wp-json\/wp\/v2\/product"}],"about":[{"href":"https:\/\/www.elkilo.shop\/en\/wp-json\/wp\/v2\/types\/product"}],"wp:featuredmedia":[{"embeddable":true,"href":"https:\/\/www.elkilo.shop\/en\/wp-json\/wp\/v2\/media\/599"}],"wp:attachment":[{"href":"https:\/\/www.elkilo.shop\/en\/wp-json\/wp\/v2\/media?parent=405"}],"wp:term":[{"taxonomy":"product_brand","embeddable":true,"href":"https:\/\/www.elkilo.shop\/en\/wp-json\/wp\/v2\/product_brand?post=405"},{"taxonomy":"product_cat","embeddable":true,"href":"https:\/\/www.elkilo.shop\/en\/wp-json\/wp\/v2\/product_cat?post=405"},{"taxonomy":"product_tag","embeddable":true,"href":"https:\/\/www.elkilo.shop\/en\/wp-json\/wp\/v2\/product_tag?post=405"}],"curies":[{"name":"wp","href":"https:\/\/api.w.org\/{rel}","templated":true}]}}