{"id":790,"date":"2025-11-12T09:52:37","date_gmt":"2025-11-12T14:52:37","guid":{"rendered":"https:\/\/www.elkilo.shop\/?post_type=product&#038;p=790"},"modified":"2025-11-13T07:57:17","modified_gmt":"2025-11-13T12:57:17","slug":"hamburguesas-de-pollo","status":"publish","type":"product","link":"https:\/\/www.elkilo.shop\/en\/producto\/hamburguesas-de-pollo\/","title":{"rendered":"Hamburguesas de pollo 5u (100g\/unidad)"},"content":{"rendered":"<p>PRODUCIDO POR VDCORZO.<\/p>\n<p>PRODUCTO CUBANO ENVASADO AL VAC\u00cdO Y PASTEURIZADO.<\/p>\n<p>Ingredientes: carne de pollo deshuesada mec\u00e1nicamente, harina de trigo, agua, condimentos y especias: sal com\u00fan, acentuador de color SIN 250 y antioxidante SIN 300.<\/p>\n<p>Formato de cinco unidades de 100g. Peso total de 500g.<\/p>\n","protected":false},"excerpt":{"rendered":"<p>PRODUCIDO POR VDCORZO. PRODUCTO CUBANO ENVASADO AL VAC\u00cdO Y PASTEURIZADO. Ingredientes: carne de pollo deshuesada mec\u00e1nicamente, harina de trigo, agua, condimentos y especias: sal com\u00fan, acentuador de color SIN 250 y antioxidante SIN 300. Formato de cinco unidades de 100g. Peso total de 500g.<\/p>\n","protected":false},"featured_media":791,"template":"","meta":[],"product_brand":[],"product_cat":[26,59],"product_tag":[],"class_list":{"0":"post-790","1":"product","2":"type-product","3":"status-publish","4":"has-post-thumbnail","6":"product_cat-carnicos","7":"product_cat-pollo","9":"first","10":"instock","11":"shipping-taxable","12":"purchasable","13":"product-type-simple"},"jetpack_sharing_enabled":true,"_links":{"self":[{"href":"https:\/\/www.elkilo.shop\/en\/wp-json\/wp\/v2\/product\/790","targetHints":{"allow":["GET"]}}],"collection":[{"href":"https:\/\/www.elkilo.shop\/en\/wp-json\/wp\/v2\/product"}],"about":[{"href":"https:\/\/www.elkilo.shop\/en\/wp-json\/wp\/v2\/types\/product"}],"wp:featuredmedia":[{"embeddable":true,"href":"https:\/\/www.elkilo.shop\/en\/wp-json\/wp\/v2\/media\/791"}],"wp:attachment":[{"href":"https:\/\/www.elkilo.shop\/en\/wp-json\/wp\/v2\/media?parent=790"}],"wp:term":[{"taxonomy":"product_brand","embeddable":true,"href":"https:\/\/www.elkilo.shop\/en\/wp-json\/wp\/v2\/product_brand?post=790"},{"taxonomy":"product_cat","embeddable":true,"href":"https:\/\/www.elkilo.shop\/en\/wp-json\/wp\/v2\/product_cat?post=790"},{"taxonomy":"product_tag","embeddable":true,"href":"https:\/\/www.elkilo.shop\/en\/wp-json\/wp\/v2\/product_tag?post=790"}],"curies":[{"name":"wp","href":"https:\/\/api.w.org\/{rel}","templated":true}]}}