{"id":816,"date":"2025-11-19T16:54:35","date_gmt":"2025-11-19T21:54:35","guid":{"rendered":"https:\/\/www.elkilo.shop\/?post_type=product&#038;p=816"},"modified":"2025-11-19T16:58:54","modified_gmt":"2025-11-19T21:58:54","slug":"albondigas-de-pollo-30u","status":"publish","type":"product","link":"https:\/\/www.elkilo.shop\/en\/producto\/albondigas-de-pollo-30u\/","title":{"rendered":"Alb\u00f3ndigas de pollo (30u)"},"content":{"rendered":"<p>PRODUCIDO POR VDCORZO CON PRODAL.<br \/>\nPRODUCTO CUBANO ENVASADO AL VAC\u00cdO Y PASTEURIZADO.<br \/>\nIngredientes: carne de pollo deshuesada mec\u00e1nicamente, harina de trigo, agua, condimentos y especias, sal com\u00fan, acentuador de color SIN 250 y antioxidante SIN 301.<br \/>\nFormato de 30 unidades.<\/p>\n","protected":false},"excerpt":{"rendered":"<p>PRODUCIDO POR VDCORZO CON PRODAL. PRODUCTO CUBANO ENVASADO AL VAC\u00cdO Y PASTEURIZADO. Ingredientes: carne de pollo deshuesada mec\u00e1nicamente, harina de trigo, agua, condimentos y especias, sal com\u00fan, acentuador de color SIN 250 y antioxidante SIN 301. Formato de 30 unidades.<\/p>\n","protected":false},"featured_media":819,"template":"","meta":[],"product_brand":[],"product_cat":[26,59],"product_tag":[51,58,24],"class_list":{"0":"post-816","1":"product","2":"type-product","3":"status-publish","4":"has-post-thumbnail","6":"product_cat-carnicos","7":"product_cat-pollo","8":"product_tag-carnicos","9":"product_tag-pollo","10":"product_tag-carne","12":"first","13":"instock","14":"shipping-taxable","15":"purchasable","16":"product-type-simple"},"jetpack_sharing_enabled":true,"_links":{"self":[{"href":"https:\/\/www.elkilo.shop\/en\/wp-json\/wp\/v2\/product\/816","targetHints":{"allow":["GET"]}}],"collection":[{"href":"https:\/\/www.elkilo.shop\/en\/wp-json\/wp\/v2\/product"}],"about":[{"href":"https:\/\/www.elkilo.shop\/en\/wp-json\/wp\/v2\/types\/product"}],"wp:featuredmedia":[{"embeddable":true,"href":"https:\/\/www.elkilo.shop\/en\/wp-json\/wp\/v2\/media\/819"}],"wp:attachment":[{"href":"https:\/\/www.elkilo.shop\/en\/wp-json\/wp\/v2\/media?parent=816"}],"wp:term":[{"taxonomy":"product_brand","embeddable":true,"href":"https:\/\/www.elkilo.shop\/en\/wp-json\/wp\/v2\/product_brand?post=816"},{"taxonomy":"product_cat","embeddable":true,"href":"https:\/\/www.elkilo.shop\/en\/wp-json\/wp\/v2\/product_cat?post=816"},{"taxonomy":"product_tag","embeddable":true,"href":"https:\/\/www.elkilo.shop\/en\/wp-json\/wp\/v2\/product_tag?post=816"}],"curies":[{"name":"wp","href":"https:\/\/api.w.org\/{rel}","templated":true}]}}